{"id":72,"date":"2019-11-13T16:09:49","date_gmt":"2019-11-13T21:09:49","guid":{"rendered":"https:\/\/thesummittrial.com\/?page_id=72"},"modified":"2020-02-14T15:28:33","modified_gmt":"2020-02-14T20:28:33","slug":"mentions-legales","status":"publish","type":"page","link":"https:\/\/thesummittrial.com\/fr\/mentions-legales\/","title":{"rendered":"Mentions l\u00e9gales"},"content":{"rendered":"\r\n<p>Lorem ipsum conditions g\u00e9n\u00e9rales french<\/p>\r\n","protected":false},"excerpt":{"rendered":"<p>Lorem ipsum conditions g\u00e9n\u00e9rales french<\/p>\n","protected":false},"author":1,"featured_media":0,"parent":0,"menu_order":0,"comment_status":"closed","ping_status":"closed","template":"","meta":{"_acf_changed":false,"pgc_sgb_lightbox_settings":"","footnotes":""},"class_list":["post-72","page","type-page","status-publish","hentry"],"acf":[],"featured_image_src":null,"yoast_head":"<!-- This site is optimized with the Yoast SEO plugin v27.4 - https:\/\/yoast.com\/product\/yoast-seo-wordpress\/ -->\n<title>Mentions l\u00e9gales - The SUMMIT Trial<\/title>\n<meta name=\"description\" content=\"Vous trouverez les mentions l\u00e9gales sur cette page, en rapport \u00e0 notre \u00e9tude The SUMMIT Trial. Pour plus d&#039;informations, contactez-nous !\" \/>\n<meta name=\"robots\" content=\"index, follow, max-snippet:-1, max-image-preview:large, max-video-preview:-1\" \/>\n<link rel=\"canonical\" href=\"https:\/\/thesummittrial.com\/fr\/mentions-legales\/\" \/>\n<meta property=\"og:locale\" content=\"fr_FR\" \/>\n<meta property=\"og:type\" content=\"article\" \/>\n<meta property=\"og:title\" content=\"Mentions l\u00e9gales - The SUMMIT Trial\" \/>\n<meta property=\"og:description\" content=\"Vous trouverez les mentions l\u00e9gales sur cette page, en rapport \u00e0 notre \u00e9tude The SUMMIT Trial. Pour plus d&#039;informations, contactez-nous !\" \/>\n<meta property=\"og:url\" content=\"https:\/\/thesummittrial.com\/fr\/mentions-legales\/\" \/>\n<meta property=\"og:site_name\" content=\"The SUMMIT Trial\" \/>\n<meta property=\"article:modified_time\" content=\"2020-02-14T20:28:33+00:00\" \/>\n<meta property=\"og:image\" content=\"https:\/\/thesummittrial.com\/wp-content\/uploads\/2020\/02\/home-summit-fb.jpg\" \/>\n\t<meta property=\"og:image:width\" content=\"1200\" \/>\n\t<meta property=\"og:image:height\" content=\"630\" \/>\n\t<meta property=\"og:image:type\" content=\"image\/jpeg\" \/>\n<meta name=\"twitter:card\" content=\"summary_large_image\" \/>\n<meta name=\"twitter:site\" content=\"@TheSUMMITTrial\" \/>\n<script type=\"application\/ld+json\" class=\"yoast-schema-graph\">{\"@context\":\"https:\\\/\\\/schema.org\",\"@graph\":[{\"@type\":\"WebPage\",\"@id\":\"https:\\\/\\\/thesummittrial.com\\\/fr\\\/mentions-legales\\\/\",\"url\":\"https:\\\/\\\/thesummittrial.com\\\/fr\\\/mentions-legales\\\/\",\"name\":\"Mentions l\u00e9gales - The SUMMIT Trial\",\"isPartOf\":{\"@id\":\"https:\\\/\\\/thesummittrial.com\\\/fr\\\/#website\"},\"datePublished\":\"2019-11-13T21:09:49+00:00\",\"dateModified\":\"2020-02-14T20:28:33+00:00\",\"description\":\"Vous trouverez les mentions l\u00e9gales sur cette page, en rapport \u00e0 notre \u00e9tude The SUMMIT Trial. Pour plus d'informations, contactez-nous !\",\"breadcrumb\":{\"@id\":\"https:\\\/\\\/thesummittrial.com\\\/fr\\\/mentions-legales\\\/#breadcrumb\"},\"inLanguage\":\"fr-FR\",\"potentialAction\":[{\"@type\":\"ReadAction\",\"target\":[\"https:\\\/\\\/thesummittrial.com\\\/fr\\\/mentions-legales\\\/\"]}]},{\"@type\":\"BreadcrumbList\",\"@id\":\"https:\\\/\\\/thesummittrial.com\\\/fr\\\/mentions-legales\\\/#breadcrumb\",\"itemListElement\":[{\"@type\":\"ListItem\",\"position\":1,\"name\":\"Home\",\"item\":\"https:\\\/\\\/thesummittrial.com\\\/fr\\\/\"},{\"@type\":\"ListItem\",\"position\":2,\"name\":\"Mentions l\u00e9gales\"}]},{\"@type\":\"WebSite\",\"@id\":\"https:\\\/\\\/thesummittrial.com\\\/fr\\\/#website\",\"url\":\"https:\\\/\\\/thesummittrial.com\\\/fr\\\/\",\"name\":\"The SUMMIT Trial\",\"description\":\"Scaling Up Maternal Mental healthcare by Increasing access to Treatment\",\"publisher\":{\"@id\":\"https:\\\/\\\/thesummittrial.com\\\/fr\\\/#organization\"},\"potentialAction\":[{\"@type\":\"SearchAction\",\"target\":{\"@type\":\"EntryPoint\",\"urlTemplate\":\"https:\\\/\\\/thesummittrial.com\\\/fr\\\/?s={search_term_string}\"},\"query-input\":{\"@type\":\"PropertyValueSpecification\",\"valueRequired\":true,\"valueName\":\"search_term_string\"}}],\"inLanguage\":\"fr-FR\"},{\"@type\":\"Organization\",\"@id\":\"https:\\\/\\\/thesummittrial.com\\\/fr\\\/#organization\",\"name\":\"The SUMMIT Trial\",\"url\":\"https:\\\/\\\/thesummittrial.com\\\/fr\\\/\",\"logo\":{\"@type\":\"ImageObject\",\"inLanguage\":\"fr-FR\",\"@id\":\"https:\\\/\\\/thesummittrial.com\\\/fr\\\/#\\\/schema\\\/logo\\\/image\\\/\",\"url\":\"https:\\\/\\\/thesummittrial.com\\\/wp-content\\\/uploads\\\/2019\\\/11\\\/logo-summit.png\",\"contentUrl\":\"https:\\\/\\\/thesummittrial.com\\\/wp-content\\\/uploads\\\/2019\\\/11\\\/logo-summit.png\",\"width\":1000,\"height\":833,\"caption\":\"The SUMMIT Trial\"},\"image\":{\"@id\":\"https:\\\/\\\/thesummittrial.com\\\/fr\\\/#\\\/schema\\\/logo\\\/image\\\/\"},\"sameAs\":[\"https:\\\/\\\/x.com\\\/TheSUMMITTrial\"]}]}<\/script>\n<!-- \/ Yoast SEO plugin. -->","yoast_head_json":{"title":"Mentions l\u00e9gales - The SUMMIT Trial","description":"Vous trouverez les mentions l\u00e9gales sur cette page, en rapport \u00e0 notre \u00e9tude The SUMMIT Trial. Pour plus d'informations, contactez-nous !","robots":{"index":"index","follow":"follow","max-snippet":"max-snippet:-1","max-image-preview":"max-image-preview:large","max-video-preview":"max-video-preview:-1"},"canonical":"https:\/\/thesummittrial.com\/fr\/mentions-legales\/","og_locale":"fr_FR","og_type":"article","og_title":"Mentions l\u00e9gales - The SUMMIT Trial","og_description":"Vous trouverez les mentions l\u00e9gales sur cette page, en rapport \u00e0 notre \u00e9tude The SUMMIT Trial. Pour plus d'informations, contactez-nous !","og_url":"https:\/\/thesummittrial.com\/fr\/mentions-legales\/","og_site_name":"The SUMMIT Trial","article_modified_time":"2020-02-14T20:28:33+00:00","og_image":[{"width":1200,"height":630,"url":"https:\/\/thesummittrial.com\/wp-content\/uploads\/2020\/02\/home-summit-fb.jpg","type":"image\/jpeg"}],"twitter_card":"summary_large_image","twitter_site":"@TheSUMMITTrial","schema":{"@context":"https:\/\/schema.org","@graph":[{"@type":"WebPage","@id":"https:\/\/thesummittrial.com\/fr\/mentions-legales\/","url":"https:\/\/thesummittrial.com\/fr\/mentions-legales\/","name":"Mentions l\u00e9gales - The SUMMIT Trial","isPartOf":{"@id":"https:\/\/thesummittrial.com\/fr\/#website"},"datePublished":"2019-11-13T21:09:49+00:00","dateModified":"2020-02-14T20:28:33+00:00","description":"Vous trouverez les mentions l\u00e9gales sur cette page, en rapport \u00e0 notre \u00e9tude The SUMMIT Trial. Pour plus d'informations, contactez-nous !","breadcrumb":{"@id":"https:\/\/thesummittrial.com\/fr\/mentions-legales\/#breadcrumb"},"inLanguage":"fr-FR","potentialAction":[{"@type":"ReadAction","target":["https:\/\/thesummittrial.com\/fr\/mentions-legales\/"]}]},{"@type":"BreadcrumbList","@id":"https:\/\/thesummittrial.com\/fr\/mentions-legales\/#breadcrumb","itemListElement":[{"@type":"ListItem","position":1,"name":"Home","item":"https:\/\/thesummittrial.com\/fr\/"},{"@type":"ListItem","position":2,"name":"Mentions l\u00e9gales"}]},{"@type":"WebSite","@id":"https:\/\/thesummittrial.com\/fr\/#website","url":"https:\/\/thesummittrial.com\/fr\/","name":"The SUMMIT Trial","description":"Scaling Up Maternal Mental healthcare by Increasing access to Treatment","publisher":{"@id":"https:\/\/thesummittrial.com\/fr\/#organization"},"potentialAction":[{"@type":"SearchAction","target":{"@type":"EntryPoint","urlTemplate":"https:\/\/thesummittrial.com\/fr\/?s={search_term_string}"},"query-input":{"@type":"PropertyValueSpecification","valueRequired":true,"valueName":"search_term_string"}}],"inLanguage":"fr-FR"},{"@type":"Organization","@id":"https:\/\/thesummittrial.com\/fr\/#organization","name":"The SUMMIT Trial","url":"https:\/\/thesummittrial.com\/fr\/","logo":{"@type":"ImageObject","inLanguage":"fr-FR","@id":"https:\/\/thesummittrial.com\/fr\/#\/schema\/logo\/image\/","url":"https:\/\/thesummittrial.com\/wp-content\/uploads\/2019\/11\/logo-summit.png","contentUrl":"https:\/\/thesummittrial.com\/wp-content\/uploads\/2019\/11\/logo-summit.png","width":1000,"height":833,"caption":"The SUMMIT Trial"},"image":{"@id":"https:\/\/thesummittrial.com\/fr\/#\/schema\/logo\/image\/"},"sameAs":["https:\/\/x.com\/TheSUMMITTrial"]}]}},"_links":{"self":[{"href":"https:\/\/thesummittrial.com\/fr\/wp-json\/wp\/v2\/pages\/72","targetHints":{"allow":["GET"]}}],"collection":[{"href":"https:\/\/thesummittrial.com\/fr\/wp-json\/wp\/v2\/pages"}],"about":[{"href":"https:\/\/thesummittrial.com\/fr\/wp-json\/wp\/v2\/types\/page"}],"author":[{"embeddable":true,"href":"https:\/\/thesummittrial.com\/fr\/wp-json\/wp\/v2\/users\/1"}],"replies":[{"embeddable":true,"href":"https:\/\/thesummittrial.com\/fr\/wp-json\/wp\/v2\/comments?post=72"}],"version-history":[{"count":1,"href":"https:\/\/thesummittrial.com\/fr\/wp-json\/wp\/v2\/pages\/72\/revisions"}],"predecessor-version":[{"id":1728,"href":"https:\/\/thesummittrial.com\/fr\/wp-json\/wp\/v2\/pages\/72\/revisions\/1728"}],"wp:attachment":[{"href":"https:\/\/thesummittrial.com\/fr\/wp-json\/wp\/v2\/media?parent=72"}],"curies":[{"name":"wp","href":"https:\/\/api.w.org\/{rel}","templated":true}]}}