{"id":51,"date":"2019-11-13T16:06:57","date_gmt":"2019-11-13T21:06:57","guid":{"rendered":"https:\/\/thesummittrial.com\/?page_id=51"},"modified":"2022-04-19T15:28:25","modified_gmt":"2022-04-19T19:28:25","slug":"lequipe-de-recherche","status":"publish","type":"page","link":"https:\/\/thesummittrial.com\/fr\/letude\/lequipe-de-recherche\/","title":{"rendered":"L&rsquo;\u00e9quipe de recherche"},"content":{"rendered":"","protected":false},"excerpt":{"rendered":"","protected":false},"author":1,"featured_media":0,"parent":50,"menu_order":0,"comment_status":"closed","ping_status":"closed","template":"","meta":{"_acf_changed":false,"pgc_sgb_lightbox_settings":"","footnotes":""},"class_list":["post-51","page","type-page","status-publish","hentry"],"acf":[],"featured_image_src":null,"yoast_head":"<!-- This site is optimized with the Yoast SEO plugin v27.4 - https:\/\/yoast.com\/product\/yoast-seo-wordpress\/ -->\n<title>L&#039;\u00e9quipe de recherche - The SUMMIT Trial<\/title>\n<meta name=\"description\" content=\"D\u00e9couvrez les membres qui composent l&#039;\u00e9tude SUMMIT : chercheurs principaux, co-chercheurs, comit\u00e9 de pilotage de l&#039;\u00e9tude, consultants et parties prenantes.\" \/>\n<meta name=\"robots\" content=\"index, follow, max-snippet:-1, max-image-preview:large, max-video-preview:-1\" \/>\n<link rel=\"canonical\" href=\"https:\/\/thesummittrial.com\/fr\/letude\/lequipe-de-recherche\/\" \/>\n<meta property=\"og:locale\" content=\"fr_FR\" \/>\n<meta property=\"og:type\" content=\"article\" \/>\n<meta property=\"og:title\" content=\"L&#039;\u00e9quipe de recherche - The SUMMIT Trial\" \/>\n<meta property=\"og:description\" content=\"D\u00e9couvrez les membres qui composent l&#039;\u00e9tude SUMMIT : chercheurs principaux, co-chercheurs, comit\u00e9 de pilotage de l&#039;\u00e9tude, consultants et parties prenantes.\" \/>\n<meta property=\"og:url\" content=\"https:\/\/thesummittrial.com\/fr\/letude\/lequipe-de-recherche\/\" \/>\n<meta property=\"og:site_name\" content=\"The SUMMIT Trial\" \/>\n<meta property=\"article:modified_time\" content=\"2022-04-19T19:28:25+00:00\" \/>\n<meta property=\"og:image\" content=\"https:\/\/thesummittrial.com\/wp-content\/uploads\/2020\/02\/the-team-summit-fb.jpg\" \/>\n\t<meta property=\"og:image:width\" content=\"1200\" \/>\n\t<meta property=\"og:image:height\" content=\"630\" \/>\n\t<meta property=\"og:image:type\" content=\"image\/jpeg\" \/>\n<meta name=\"twitter:card\" content=\"summary_large_image\" \/>\n<meta name=\"twitter:image\" content=\"https:\/\/thesummittrial.com\/wp-content\/uploads\/2020\/02\/the-team-summit-tw.jpg\" \/>\n<meta name=\"twitter:site\" content=\"@TheSUMMITTrial\" \/>\n<script type=\"application\/ld+json\" class=\"yoast-schema-graph\">{\"@context\":\"https:\\\/\\\/schema.org\",\"@graph\":[{\"@type\":\"WebPage\",\"@id\":\"https:\\\/\\\/thesummittrial.com\\\/fr\\\/letude\\\/lequipe-de-recherche\\\/\",\"url\":\"https:\\\/\\\/thesummittrial.com\\\/fr\\\/letude\\\/lequipe-de-recherche\\\/\",\"name\":\"L'\u00e9quipe de recherche - The SUMMIT Trial\",\"isPartOf\":{\"@id\":\"https:\\\/\\\/thesummittrial.com\\\/fr\\\/#website\"},\"datePublished\":\"2019-11-13T21:06:57+00:00\",\"dateModified\":\"2022-04-19T19:28:25+00:00\",\"description\":\"D\u00e9couvrez les membres qui composent l'\u00e9tude SUMMIT : chercheurs principaux, co-chercheurs, comit\u00e9 de pilotage de l'\u00e9tude, consultants et parties prenantes.\",\"breadcrumb\":{\"@id\":\"https:\\\/\\\/thesummittrial.com\\\/fr\\\/letude\\\/lequipe-de-recherche\\\/#breadcrumb\"},\"inLanguage\":\"fr-FR\",\"potentialAction\":[{\"@type\":\"ReadAction\",\"target\":[\"https:\\\/\\\/thesummittrial.com\\\/fr\\\/letude\\\/lequipe-de-recherche\\\/\"]}]},{\"@type\":\"BreadcrumbList\",\"@id\":\"https:\\\/\\\/thesummittrial.com\\\/fr\\\/letude\\\/lequipe-de-recherche\\\/#breadcrumb\",\"itemListElement\":[{\"@type\":\"ListItem\",\"position\":1,\"name\":\"Home\",\"item\":\"https:\\\/\\\/thesummittrial.com\\\/fr\\\/\"},{\"@type\":\"ListItem\",\"position\":2,\"name\":\"L&rsquo;\u00e9tude\",\"item\":\"https:\\\/\\\/thesummittrial.com\\\/fr\\\/letude\\\/\"},{\"@type\":\"ListItem\",\"position\":3,\"name\":\"L&#8217;\u00e9quipe de recherche\"}]},{\"@type\":\"WebSite\",\"@id\":\"https:\\\/\\\/thesummittrial.com\\\/fr\\\/#website\",\"url\":\"https:\\\/\\\/thesummittrial.com\\\/fr\\\/\",\"name\":\"The SUMMIT Trial\",\"description\":\"Scaling Up Maternal Mental healthcare by Increasing access to Treatment\",\"publisher\":{\"@id\":\"https:\\\/\\\/thesummittrial.com\\\/fr\\\/#organization\"},\"potentialAction\":[{\"@type\":\"SearchAction\",\"target\":{\"@type\":\"EntryPoint\",\"urlTemplate\":\"https:\\\/\\\/thesummittrial.com\\\/fr\\\/?s={search_term_string}\"},\"query-input\":{\"@type\":\"PropertyValueSpecification\",\"valueRequired\":true,\"valueName\":\"search_term_string\"}}],\"inLanguage\":\"fr-FR\"},{\"@type\":\"Organization\",\"@id\":\"https:\\\/\\\/thesummittrial.com\\\/fr\\\/#organization\",\"name\":\"The SUMMIT Trial\",\"url\":\"https:\\\/\\\/thesummittrial.com\\\/fr\\\/\",\"logo\":{\"@type\":\"ImageObject\",\"inLanguage\":\"fr-FR\",\"@id\":\"https:\\\/\\\/thesummittrial.com\\\/fr\\\/#\\\/schema\\\/logo\\\/image\\\/\",\"url\":\"https:\\\/\\\/thesummittrial.com\\\/wp-content\\\/uploads\\\/2019\\\/11\\\/logo-summit.png\",\"contentUrl\":\"https:\\\/\\\/thesummittrial.com\\\/wp-content\\\/uploads\\\/2019\\\/11\\\/logo-summit.png\",\"width\":1000,\"height\":833,\"caption\":\"The SUMMIT Trial\"},\"image\":{\"@id\":\"https:\\\/\\\/thesummittrial.com\\\/fr\\\/#\\\/schema\\\/logo\\\/image\\\/\"},\"sameAs\":[\"https:\\\/\\\/x.com\\\/TheSUMMITTrial\"]}]}<\/script>\n<!-- \/ Yoast SEO plugin. -->","yoast_head_json":{"title":"L'\u00e9quipe de recherche - The SUMMIT Trial","description":"D\u00e9couvrez les membres qui composent l'\u00e9tude SUMMIT : chercheurs principaux, co-chercheurs, comit\u00e9 de pilotage de l'\u00e9tude, consultants et parties prenantes.","robots":{"index":"index","follow":"follow","max-snippet":"max-snippet:-1","max-image-preview":"max-image-preview:large","max-video-preview":"max-video-preview:-1"},"canonical":"https:\/\/thesummittrial.com\/fr\/letude\/lequipe-de-recherche\/","og_locale":"fr_FR","og_type":"article","og_title":"L'\u00e9quipe de recherche - The SUMMIT Trial","og_description":"D\u00e9couvrez les membres qui composent l'\u00e9tude SUMMIT : chercheurs principaux, co-chercheurs, comit\u00e9 de pilotage de l'\u00e9tude, consultants et parties prenantes.","og_url":"https:\/\/thesummittrial.com\/fr\/letude\/lequipe-de-recherche\/","og_site_name":"The SUMMIT Trial","article_modified_time":"2022-04-19T19:28:25+00:00","og_image":[{"width":1200,"height":630,"url":"https:\/\/thesummittrial.com\/wp-content\/uploads\/2020\/02\/the-team-summit-fb.jpg","type":"image\/jpeg"}],"twitter_card":"summary_large_image","twitter_image":"https:\/\/thesummittrial.com\/wp-content\/uploads\/2020\/02\/the-team-summit-tw.jpg","twitter_site":"@TheSUMMITTrial","schema":{"@context":"https:\/\/schema.org","@graph":[{"@type":"WebPage","@id":"https:\/\/thesummittrial.com\/fr\/letude\/lequipe-de-recherche\/","url":"https:\/\/thesummittrial.com\/fr\/letude\/lequipe-de-recherche\/","name":"L'\u00e9quipe de recherche - The SUMMIT Trial","isPartOf":{"@id":"https:\/\/thesummittrial.com\/fr\/#website"},"datePublished":"2019-11-13T21:06:57+00:00","dateModified":"2022-04-19T19:28:25+00:00","description":"D\u00e9couvrez les membres qui composent l'\u00e9tude SUMMIT : chercheurs principaux, co-chercheurs, comit\u00e9 de pilotage de l'\u00e9tude, consultants et parties prenantes.","breadcrumb":{"@id":"https:\/\/thesummittrial.com\/fr\/letude\/lequipe-de-recherche\/#breadcrumb"},"inLanguage":"fr-FR","potentialAction":[{"@type":"ReadAction","target":["https:\/\/thesummittrial.com\/fr\/letude\/lequipe-de-recherche\/"]}]},{"@type":"BreadcrumbList","@id":"https:\/\/thesummittrial.com\/fr\/letude\/lequipe-de-recherche\/#breadcrumb","itemListElement":[{"@type":"ListItem","position":1,"name":"Home","item":"https:\/\/thesummittrial.com\/fr\/"},{"@type":"ListItem","position":2,"name":"L&rsquo;\u00e9tude","item":"https:\/\/thesummittrial.com\/fr\/letude\/"},{"@type":"ListItem","position":3,"name":"L&#8217;\u00e9quipe de recherche"}]},{"@type":"WebSite","@id":"https:\/\/thesummittrial.com\/fr\/#website","url":"https:\/\/thesummittrial.com\/fr\/","name":"The SUMMIT Trial","description":"Scaling Up Maternal Mental healthcare by Increasing access to Treatment","publisher":{"@id":"https:\/\/thesummittrial.com\/fr\/#organization"},"potentialAction":[{"@type":"SearchAction","target":{"@type":"EntryPoint","urlTemplate":"https:\/\/thesummittrial.com\/fr\/?s={search_term_string}"},"query-input":{"@type":"PropertyValueSpecification","valueRequired":true,"valueName":"search_term_string"}}],"inLanguage":"fr-FR"},{"@type":"Organization","@id":"https:\/\/thesummittrial.com\/fr\/#organization","name":"The SUMMIT Trial","url":"https:\/\/thesummittrial.com\/fr\/","logo":{"@type":"ImageObject","inLanguage":"fr-FR","@id":"https:\/\/thesummittrial.com\/fr\/#\/schema\/logo\/image\/","url":"https:\/\/thesummittrial.com\/wp-content\/uploads\/2019\/11\/logo-summit.png","contentUrl":"https:\/\/thesummittrial.com\/wp-content\/uploads\/2019\/11\/logo-summit.png","width":1000,"height":833,"caption":"The SUMMIT Trial"},"image":{"@id":"https:\/\/thesummittrial.com\/fr\/#\/schema\/logo\/image\/"},"sameAs":["https:\/\/x.com\/TheSUMMITTrial"]}]}},"_links":{"self":[{"href":"https:\/\/thesummittrial.com\/fr\/wp-json\/wp\/v2\/pages\/51","targetHints":{"allow":["GET"]}}],"collection":[{"href":"https:\/\/thesummittrial.com\/fr\/wp-json\/wp\/v2\/pages"}],"about":[{"href":"https:\/\/thesummittrial.com\/fr\/wp-json\/wp\/v2\/types\/page"}],"author":[{"embeddable":true,"href":"https:\/\/thesummittrial.com\/fr\/wp-json\/wp\/v2\/users\/1"}],"replies":[{"embeddable":true,"href":"https:\/\/thesummittrial.com\/fr\/wp-json\/wp\/v2\/comments?post=51"}],"version-history":[{"count":2,"href":"https:\/\/thesummittrial.com\/fr\/wp-json\/wp\/v2\/pages\/51\/revisions"}],"predecessor-version":[{"id":3372,"href":"https:\/\/thesummittrial.com\/fr\/wp-json\/wp\/v2\/pages\/51\/revisions\/3372"}],"up":[{"embeddable":true,"href":"https:\/\/thesummittrial.com\/fr\/wp-json\/wp\/v2\/pages\/50"}],"wp:attachment":[{"href":"https:\/\/thesummittrial.com\/fr\/wp-json\/wp\/v2\/media?parent=51"}],"curies":[{"name":"wp","href":"https:\/\/api.w.org\/{rel}","templated":true}]}}